{"id":5,"date":"2019-05-03T14:01:03","date_gmt":"2019-05-03T12:01:03","guid":{"rendered":"http:\/\/www.empresatecnicacadiz.com\/?page_id=5"},"modified":"2019-05-06T18:03:07","modified_gmt":"2019-05-06T16:03:07","slug":"inicio","status":"publish","type":"page","link":"http:\/\/www.empresatecnicacadiz.com\/","title":{"rendered":"EMPRESA T\u00c9CNICA C\u00c1DIZ"},"content":{"rendered":"\n<p class=\"has-text-color has-background has-white-color has-primary-background-color\">Dos d\u00e9cadas al servicio de la industria gaditana<\/p>\n\n\n\n<p>En Empresa T\u00e9cnica C\u00e1diz venimos suministrando todo tipo de materiales y accesorios empleados en el sector naval e industrial de la provincia de C\u00e1diz desde 1.999. Nuestro cat\u00e1logo abarca desde equipos de protecci\u00f3n individual hasta v\u00e1lvulas, pasando por cualquier componente de conducciones.<\/p>\n\n\n\n<blockquote class=\"wp-block-quote is-layout-flow wp-block-quote-is-layout-flow\"><p><strong><em>Rapidez, flexibilidad y atenci\u00f3n personalizada son algunos de los valores que mejor nos definen como empresa.<\/em><\/strong><\/p><\/blockquote>\n\n\n\n<p>Prestamos especial importancia al cumplimiento de unos plazos de entrega lo m\u00e1s ajustados posible. Es nuestra forma de colaborar a que  las empresas que colaboran con nosotros mantengan su actividad al mejor nivel posible.<\/p>\n\n\n\n<figure class=\"wp-block-image\"><img loading=\"lazy\" decoding=\"async\" width=\"1024\" height=\"682\" src=\"http:\/\/www.empresatecnicacadiz.com\/wp-content\/uploads\/2019\/05\/Abrasivos-1024x682.jpg\" alt=\"\" class=\"wp-image-44\" srcset=\"http:\/\/www.empresatecnicacadiz.com\/wp-content\/uploads\/2019\/05\/Abrasivos-1024x682.jpg 1024w, http:\/\/www.empresatecnicacadiz.com\/wp-content\/uploads\/2019\/05\/Abrasivos-300x200.jpg 300w, http:\/\/www.empresatecnicacadiz.com\/wp-content\/uploads\/2019\/05\/Abrasivos-768x512.jpg 768w, http:\/\/www.empresatecnicacadiz.com\/wp-content\/uploads\/2019\/05\/Abrasivos.jpg 1300w\" sizes=\"auto, (max-width: 1024px) 100vw, 1024px\" \/><\/figure>\n\n\n\n<p>Este planteamiento nos lleva a mantener una adecuada disponibilidad de existencias en toda la gama de medidas y calidades que ofertamos. Como condici\u00f3n necesaria para lograr este objetivo, los procesos de empresa est\u00e1n ideados para mantener un buen control de stock en todo momento.<\/p>\n\n\n\n<p>Un equipo de profesionales cualificados proporciona respuesta  inmediata a las consultas de nuestros clientes. La agilidad en el servicio es uno de los valores que nos mueve y nos diferencia. <\/p>\n\n\n\n<figure class=\"wp-block-image\"><img loading=\"lazy\" decoding=\"async\" width=\"1024\" height=\"682\" src=\"http:\/\/www.empresatecnicacadiz.com\/wp-content\/uploads\/2019\/05\/V\u00e1lvulas-1024x682.jpg\" alt=\"\" class=\"wp-image-46\" srcset=\"http:\/\/www.empresatecnicacadiz.com\/wp-content\/uploads\/2019\/05\/V\u00e1lvulas-1024x682.jpg 1024w, http:\/\/www.empresatecnicacadiz.com\/wp-content\/uploads\/2019\/05\/V\u00e1lvulas-300x200.jpg 300w, http:\/\/www.empresatecnicacadiz.com\/wp-content\/uploads\/2019\/05\/V\u00e1lvulas-768x512.jpg 768w, http:\/\/www.empresatecnicacadiz.com\/wp-content\/uploads\/2019\/05\/V\u00e1lvulas.jpg 1300w\" sizes=\"auto, (max-width: 1024px) 100vw, 1024px\" \/><\/figure>\n\n\n\n<p>Sabemos que las necesidades de la industria hoy en d\u00eda abarcan un espectro inusitadamente amplio. Por ello, a nuestra tradicional capacitaci\u00f3n en v\u00e1lvulas hidr\u00e1ulicas y tuber\u00edas de diversos materiales, con el tiempo hemos a\u00f1adido una intensa labor de suministro de abrasivos (cepiller\u00eda, discos, muelas&#8230;). <\/p>\n\n\n\n<p>Adem\u00e1s de esto, hay otro tipo de productos que nos resulta especialmente grato suministrar. Nos referimos a los EPIs, acr\u00f3nimo de Equipos de Protecci\u00f3n Individual. Los tratamos con especial dedicaci\u00f3n, puesto que su misi\u00f3n consiste en proteger el bien m\u00e1s preciad que conforma cada una de las empresas. Nos referimos a las personas, el capital humano. No nos cansaremos de insistir en lo importante de concienciar en todos los estratos de las organizaciones empresariales para promover una labor preventiva eficaz y proactiva.<\/p>\n\n\n\n<figure class=\"wp-block-image\"><img loading=\"lazy\" decoding=\"async\" width=\"1024\" height=\"682\" src=\"http:\/\/www.empresatecnicacadiz.com\/wp-content\/uploads\/2019\/05\/Epis-1024x682.jpg\" alt=\"\" class=\"wp-image-43\" srcset=\"http:\/\/www.empresatecnicacadiz.com\/wp-content\/uploads\/2019\/05\/Epis-1024x682.jpg 1024w, http:\/\/www.empresatecnicacadiz.com\/wp-content\/uploads\/2019\/05\/Epis-300x200.jpg 300w, http:\/\/www.empresatecnicacadiz.com\/wp-content\/uploads\/2019\/05\/Epis-768x512.jpg 768w, http:\/\/www.empresatecnicacadiz.com\/wp-content\/uploads\/2019\/05\/Epis.jpg 1300w\" sizes=\"auto, (max-width: 1024px) 100vw, 1024px\" \/><\/figure>\n\n\n\n<p>El objetivo de este sitio web es establecer un v\u00ednculo comunicativo entre EMPRESA T\u00c9CNICA C\u00c1DIZ y su ecosistema de clientes actuales y potenciales. Sirva para transmitir nuestra ilusi\u00f3n por servir sus necesidades, nuestro empe\u00f1o por hacerlo mejor cada d\u00eda y nuestras ganas de mejorar contando con su valiosa opini\u00f3n y confianza.<\/p>\n\n\n\n<p>Recorremos cada d\u00eda una gran distancia para entregar en menos de veinticuatro horas los pedidos que recibimos cada d\u00eda. Si bien estamos ubicados geogr\u00e1ficamente en la Bah\u00eda de C\u00e1diz, nuestras rutas incluyen todas las comarcas de la provincia.<\/p>\n\n\n\n<figure class=\"wp-block-image\"><img loading=\"lazy\" decoding=\"async\" width=\"1024\" height=\"682\" src=\"http:\/\/www.empresatecnicacadiz.com\/wp-content\/uploads\/2019\/05\/Botas-1024x682.jpg\" alt=\"\" class=\"wp-image-47\" srcset=\"http:\/\/www.empresatecnicacadiz.com\/wp-content\/uploads\/2019\/05\/Botas-1024x682.jpg 1024w, http:\/\/www.empresatecnicacadiz.com\/wp-content\/uploads\/2019\/05\/Botas-300x200.jpg 300w, http:\/\/www.empresatecnicacadiz.com\/wp-content\/uploads\/2019\/05\/Botas-768x512.jpg 768w, http:\/\/www.empresatecnicacadiz.com\/wp-content\/uploads\/2019\/05\/Botas.jpg 1300w\" sizes=\"auto, (max-width: 1024px) 100vw, 1024px\" \/><\/figure>\n\n\n\n<p>P\u00f3ngase en contacto con nosotros en <a href=\"mailto: info@empresatecnicacadiz.com\">info@empresatecnicacadiz.com<\/a> o en la direcci\u00f3n y tel\u00e9fono que puede encontrar al pie de este sitio web. Estaremos encantados de ayudarle.<\/p>\n","protected":false},"excerpt":{"rendered":"<p>Dos d\u00e9cadas al servicio de la industria gaditana En Empresa T\u00e9cnica C\u00e1diz venimos suministrando todo tipo de materiales y accesorios empleados en el sector naval e industrial de la provincia de C\u00e1diz desde 1.999. Nuestro cat\u00e1logo abarca desde equipos de protecci\u00f3n individual hasta v\u00e1lvulas, pasando por cualquier componente de conducciones. Rapidez, flexibilidad y atenci\u00f3n personalizada &hellip; <\/p>\n<p class=\"link-more\"><a href=\"http:\/\/www.empresatecnicacadiz.com\/\" class=\"more-link\">Seguir leyendo<span class=\"screen-reader-text\"> \u00abEMPRESA T\u00c9CNICA C\u00c1DIZ\u00bb<\/span><\/a><\/p>\n","protected":false},"author":1,"featured_media":45,"parent":0,"menu_order":0,"comment_status":"closed","ping_status":"closed","template":"","meta":{"_exactmetrics_skip_tracking":false,"_exactmetrics_sitenote_active":false,"_exactmetrics_sitenote_note":"","_exactmetrics_sitenote_category":0,"ngg_post_thumbnail":0,"footnotes":""},"class_list":["post-5","page","type-page","status-publish","has-post-thumbnail","hentry","entry"],"_links":{"self":[{"href":"http:\/\/www.empresatecnicacadiz.com\/index.php\/wp-json\/wp\/v2\/pages\/5","targetHints":{"allow":["GET"]}}],"collection":[{"href":"http:\/\/www.empresatecnicacadiz.com\/index.php\/wp-json\/wp\/v2\/pages"}],"about":[{"href":"http:\/\/www.empresatecnicacadiz.com\/index.php\/wp-json\/wp\/v2\/types\/page"}],"author":[{"embeddable":true,"href":"http:\/\/www.empresatecnicacadiz.com\/index.php\/wp-json\/wp\/v2\/users\/1"}],"replies":[{"embeddable":true,"href":"http:\/\/www.empresatecnicacadiz.com\/index.php\/wp-json\/wp\/v2\/comments?post=5"}],"version-history":[{"count":7,"href":"http:\/\/www.empresatecnicacadiz.com\/index.php\/wp-json\/wp\/v2\/pages\/5\/revisions"}],"predecessor-version":[{"id":52,"href":"http:\/\/www.empresatecnicacadiz.com\/index.php\/wp-json\/wp\/v2\/pages\/5\/revisions\/52"}],"wp:featuredmedia":[{"embeddable":true,"href":"http:\/\/www.empresatecnicacadiz.com\/index.php\/wp-json\/wp\/v2\/media\/45"}],"wp:attachment":[{"href":"http:\/\/www.empresatecnicacadiz.com\/index.php\/wp-json\/wp\/v2\/media?parent=5"}],"curies":[{"name":"wp","href":"https:\/\/api.w.org\/{rel}","templated":true}]}}