{"id":26,"date":"2019-05-06T10:32:04","date_gmt":"2019-05-06T08:32:04","guid":{"rendered":"http:\/\/www.empresatecnicacadiz.com\/?page_id=26"},"modified":"2019-05-06T10:32:04","modified_gmt":"2019-05-06T08:32:04","slug":"politica-de-cookies","status":"publish","type":"page","link":"http:\/\/www.empresatecnicacadiz.com\/index.php\/politica-de-cookies\/","title":{"rendered":"Pol\u00edtica de cookies"},"content":{"rendered":"\n<p><strong>EMPRESA T\u00c9CNICA C\u00c1DIZ, S.L.U. <\/strong>mediante su p\u00e1gina web y esta misma secci\u00f3n.<\/p>\n\n\n\n<p>Le informa sobre su&nbsp;<strong>Pol\u00edtica de recogida y tratamiento de cookies<\/strong>, en cumplimiento de lo dispuesto en el art\u00edculo 22.2 de la Ley 34\/2002, de 11 de julio, de Servicios de la Sociedad de la Informaci\u00f3n y de Comercio Electr\u00f3nico.<\/p>\n\n\n\n<h3 class=\"wp-block-heading\">Qu\u00e9 es una cookie<\/h3>\n\n\n\n<p>Las&nbsp;<strong>cookies<\/strong>&nbsp;son archivos que se descargan en el dispositivo o equipo inform\u00e1tico de un usuario al visitar un sitio web, estas se almacenan en el disco duro de manera temporal o permanente.<\/p>\n\n\n\n<p>Las&nbsp;<strong>cookies<\/strong>&nbsp;permiten principalmente entre otras funciones el almacenar y recuperar informaci\u00f3n sobre los h\u00e1bitos de navegaci\u00f3n de un usuario, ver qu\u00e9 secciones se visitan del sitio web, el tiempo de conexi\u00f3n, incluso pueden usarse para reconocer al usuario si este vuelve acceder al sitio web.<\/p>\n\n\n\n<p>Seg\u00fan la ley de la&nbsp;<strong>Uni\u00f3n Europea<\/strong>&nbsp;no es necesario el consentimiento por parte del usuario para la instalaci\u00f3n de cookies t\u00e9cnicas o las que sean estrictamente necesarias para el correcto funcionamiento y prestaci\u00f3n de un servicio solicitado por el propio usuario.<\/p>\n\n\n\n<h3 class=\"wp-block-heading\">Tipos de Cookies<\/h3>\n\n\n\n<p>Usamos diversos tipos de cookies en funci\u00f3n de sus prop\u00f3sitos:<\/p>\n\n\n\n<ul class=\"wp-block-list\"><li>Las\u00a0<strong>cookies t\u00e9cnicas<\/strong> permiten al usuario la navegaci\u00f3n a trav\u00e9s del \u00e1rea cliente y la utilizaci\u00f3n de sus diferentes funciones. Por ejemplo el inicio de sesi\u00f3n, acceder a partes de acceso restringido y llevar a cambio el proceso de compra de un producto.<\/li><li>Las\u00a0<strong>cookies anal\u00edticas<\/strong>\u00a0nos permiten realizar un seguimiento y el completo an\u00e1lisis del comportamiento de los usuarios de nuestro sitio web. Utilizamos el conocido servicio de\u00a0<a href=\"https:\/\/www.google.com\/intl\/es\/analytics\">Google Analitycs<\/a>\u00a0para llevar a cabo dichas tareas.<\/li><\/ul>\n\n\n\n<p>Para m\u00e1s informaci\u00f3n sobre las&nbsp;<strong>cookies<\/strong>&nbsp;de&nbsp;<strong>Google Analitycs<\/strong>&nbsp;puede consultarse en los siguientes enlaces:<\/p>\n\n\n\n<p><a href=\"https:\/\/developers.google.com\/analytics\/devguides\/collection\/analyticsjs\/cookie-usage\">Uso de Cookies en Google Analitycs<\/a><br><a href=\"https:\/\/www.google.es\/intl\/es\/policies\/technologies\/cookies\/\">Uso de Cookies en Google<\/a><\/p>\n\n\n\n<h3 class=\"wp-block-heading\">Desactivar las cookies<\/h3>\n\n\n\n<p>En la mayor\u00eda de los navegadores web se ofrece la posibilidad de configurar la aceptaci\u00f3n, instalaci\u00f3n y desactivaci\u00f3n de&nbsp;<strong>cookies<\/strong>. Le mostramos a continuaci\u00f3n como se hace para realizar dichas acciones en los navegadores web m\u00e1s frecuentes.<\/p>\n\n\n\n<ul class=\"wp-block-list\"><li><a href=\"https:\/\/support.google.com\/chrome\/answer\/95647?hl=es\">Google Chrome<\/a><\/li><li><a href=\"https:\/\/windows.microsoft.com\/es-es\/windows7\/how-to-manage-cookies-in-internet-explorer-9\">Microsoft Internet Explorer<\/a><\/li><li><a href=\"https:\/\/support.mozilla.org\/es\/kb\/habilitar-y-deshabilitar-cookies-que-los-sitios-we\">Mozilla Firefox<\/a><\/li><li><a href=\"https:\/\/support.apple.com\/kb\/ph5042\">Apple Safari<\/a><\/li><\/ul>\n\n\n\n<p>De modo informativo le comentamos que si se desactivan las\u00a0<strong>cookies<\/strong>\u00a0t\u00e9cnicas y\/o de funcionamiento, la calidad de la p\u00e1gina web puede disminuir o puede que le cueste m\u00e1s identificarse, incluso le niegue el acceso a distintas secciones del\u00a0<strong>\u00e1rea cliente de EMPRESA T\u00c9CNICA C\u00c1DIZ, S.L.U<\/strong>. Para m\u00e1s informaci\u00f3n p\u00f3ngase en contacto con nosotros: info@empresatecnicacadiz.com.<\/p>\n","protected":false},"excerpt":{"rendered":"<p>EMPRESA T\u00c9CNICA C\u00c1DIZ, S.L.U. mediante su p\u00e1gina web y esta misma secci\u00f3n. Le informa sobre su&nbsp;Pol\u00edtica de recogida y tratamiento de cookies, en cumplimiento de lo dispuesto en el art\u00edculo 22.2 de la Ley 34\/2002, de 11 de julio, de Servicios de la Sociedad de la Informaci\u00f3n y de Comercio Electr\u00f3nico. Qu\u00e9 es una cookie &hellip; <\/p>\n<p class=\"link-more\"><a href=\"http:\/\/www.empresatecnicacadiz.com\/index.php\/politica-de-cookies\/\" class=\"more-link\">Seguir leyendo<span class=\"screen-reader-text\"> \u00abPol\u00edtica de cookies\u00bb<\/span><\/a><\/p>\n","protected":false},"author":1,"featured_media":0,"parent":0,"menu_order":0,"comment_status":"closed","ping_status":"closed","template":"","meta":{"_exactmetrics_skip_tracking":false,"_exactmetrics_sitenote_active":false,"_exactmetrics_sitenote_note":"","_exactmetrics_sitenote_category":0,"ngg_post_thumbnail":0,"footnotes":""},"class_list":["post-26","page","type-page","status-publish","hentry","entry"],"_links":{"self":[{"href":"http:\/\/www.empresatecnicacadiz.com\/index.php\/wp-json\/wp\/v2\/pages\/26","targetHints":{"allow":["GET"]}}],"collection":[{"href":"http:\/\/www.empresatecnicacadiz.com\/index.php\/wp-json\/wp\/v2\/pages"}],"about":[{"href":"http:\/\/www.empresatecnicacadiz.com\/index.php\/wp-json\/wp\/v2\/types\/page"}],"author":[{"embeddable":true,"href":"http:\/\/www.empresatecnicacadiz.com\/index.php\/wp-json\/wp\/v2\/users\/1"}],"replies":[{"embeddable":true,"href":"http:\/\/www.empresatecnicacadiz.com\/index.php\/wp-json\/wp\/v2\/comments?post=26"}],"version-history":[{"count":1,"href":"http:\/\/www.empresatecnicacadiz.com\/index.php\/wp-json\/wp\/v2\/pages\/26\/revisions"}],"predecessor-version":[{"id":27,"href":"http:\/\/www.empresatecnicacadiz.com\/index.php\/wp-json\/wp\/v2\/pages\/26\/revisions\/27"}],"wp:attachment":[{"href":"http:\/\/www.empresatecnicacadiz.com\/index.php\/wp-json\/wp\/v2\/media?parent=26"}],"curies":[{"name":"wp","href":"https:\/\/api.w.org\/{rel}","templated":true}]}}