{"id":15,"date":"2019-05-03T17:37:24","date_gmt":"2019-05-03T15:37:24","guid":{"rendered":"http:\/\/www.empresatecnicacadiz.com\/?page_id=15"},"modified":"2019-05-06T11:45:19","modified_gmt":"2019-05-06T09:45:19","slug":"politica","status":"publish","type":"page","link":"http:\/\/www.empresatecnicacadiz.com\/index.php\/politica\/","title":{"rendered":"Pol\u00edtica integrada"},"content":{"rendered":"\n<p>EMPRESA TECNICA CADIZ, S.L.U., por el presente documento, se compromete a implantar y mantener un Sistema Integrado de Gesti\u00f3n de la Calidad y Medio Ambiente, basado en los requisitos dados por las normas ISO 9001:2015 y ISO 14001:2015. <\/p>\n\n\n\n<p>En respuesta al compromiso por parte de la Direcci\u00f3n de la empresa se ha dise\u00f1ado y establecido la siguiente Pol\u00edtica Integrada de Gesti\u00f3n, basados en una serie de principios que a continuaci\u00f3n se describen, y que se rubrican en el presente documento: <\/p>\n\n\n\n<p>\u2713 Consolidarnos como empresa de referencia, desde el punto de vista tecnol\u00f3gico y de cumplimiento de condiciones acordadas con los clientes, en el desarrollo de la actividad profesional de SUMINISTRO DE MATERIALES EN LOS SECTORES NAVALES E INDUSTRIALES. <\/p>\n\n\n\n<p>\u2713  Como pilares de dicho cumplimiento se tendr\u00e1 en cuenta el concepto de desarrollo sostenible de nuestra actividad bas\u00e1ndonos para ello en el potenciar la l\u00ednea verde de productos ofrecidos a nuestros clientes y mejorar nuestro asesoramiento de dichos productos y sus beneficios.  <\/p>\n\n\n\n<p>\u2713 Promover la mejora continua, definiendo, revisando y asegurando el cumplimiento de los objetivos y metas. Todo ello enfocado a una protecci\u00f3n del medio ambiente. <\/p>\n\n\n\n<p>\u2713 Prevenir la contaminaci\u00f3n y optimizar el uso de los recursos naturales, mediante la implantaci\u00f3n de un sistema de buenas pr\u00e1cticas ambientales en la organizaci\u00f3n. <\/p>\n\n\n\n<p>\u2713 Mantener y desarrollar nuestra capacidad t\u00e9cnica asegurando la asignaci\u00f3n de los recursos necesarios (humanos y t\u00e9cnicos) y planificando de manera adecuada la utilizaci\u00f3n de los mismos con el objeto de que su falta de disponibilidad no impida eliminar las posibles repercusiones sobre el medioambiente o la salud y seguridad de los trabajadores. <\/p>\n\n\n\n<p>\u2713 Cumplir con la legislaci\u00f3n ambiental, adem\u00e1s de otros requisitos de aplicaci\u00f3n para la organizaci\u00f3n, con especial atenci\u00f3n a los definidos por los principales clientes y las partes interesadas. <\/p>\n\n\n\n<p>\u2713 Garantizar unas buenas relaciones con nuestros proveedores, clientes y administraci\u00f3n p\u00fablica.<\/p>\n\n\n<p><!--EndFragment--><\/p>\n<p><\/p>","protected":false},"excerpt":{"rendered":"<p>EMPRESA TECNICA CADIZ, S.L.U., por el presente documento, se compromete a implantar y mantener un Sistema Integrado de Gesti\u00f3n de la Calidad y Medio Ambiente, basado en los requisitos dados por las normas ISO 9001:2015 y ISO 14001:2015. En respuesta al compromiso por parte de la Direcci\u00f3n de la empresa se ha dise\u00f1ado y establecido &hellip; <\/p>\n<p class=\"link-more\"><a href=\"http:\/\/www.empresatecnicacadiz.com\/index.php\/politica\/\" class=\"more-link\">Seguir leyendo<span class=\"screen-reader-text\"> \u00abPol\u00edtica integrada\u00bb<\/span><\/a><\/p>\n","protected":false},"author":1,"featured_media":0,"parent":0,"menu_order":0,"comment_status":"closed","ping_status":"closed","template":"","meta":{"_exactmetrics_skip_tracking":false,"_exactmetrics_sitenote_active":false,"_exactmetrics_sitenote_note":"","_exactmetrics_sitenote_category":0,"ngg_post_thumbnail":0,"footnotes":""},"class_list":["post-15","page","type-page","status-publish","hentry","entry"],"_links":{"self":[{"href":"http:\/\/www.empresatecnicacadiz.com\/index.php\/wp-json\/wp\/v2\/pages\/15","targetHints":{"allow":["GET"]}}],"collection":[{"href":"http:\/\/www.empresatecnicacadiz.com\/index.php\/wp-json\/wp\/v2\/pages"}],"about":[{"href":"http:\/\/www.empresatecnicacadiz.com\/index.php\/wp-json\/wp\/v2\/types\/page"}],"author":[{"embeddable":true,"href":"http:\/\/www.empresatecnicacadiz.com\/index.php\/wp-json\/wp\/v2\/users\/1"}],"replies":[{"embeddable":true,"href":"http:\/\/www.empresatecnicacadiz.com\/index.php\/wp-json\/wp\/v2\/comments?post=15"}],"version-history":[{"count":2,"href":"http:\/\/www.empresatecnicacadiz.com\/index.php\/wp-json\/wp\/v2\/pages\/15\/revisions"}],"predecessor-version":[{"id":17,"href":"http:\/\/www.empresatecnicacadiz.com\/index.php\/wp-json\/wp\/v2\/pages\/15\/revisions\/17"}],"wp:attachment":[{"href":"http:\/\/www.empresatecnicacadiz.com\/index.php\/wp-json\/wp\/v2\/media?parent=15"}],"curies":[{"name":"wp","href":"https:\/\/api.w.org\/{rel}","templated":true}]}}