{"id":10,"date":"2019-05-03T17:35:32","date_gmt":"2019-05-03T15:35:32","guid":{"rendered":"http:\/\/www.empresatecnicacadiz.com\/?page_id=10"},"modified":"2025-04-07T12:36:48","modified_gmt":"2025-04-07T10:36:48","slug":"certificaciones","status":"publish","type":"page","link":"http:\/\/www.empresatecnicacadiz.com\/index.php\/certificaciones\/","title":{"rendered":"Certificaciones"},"content":{"rendered":"\n<p>Nuestro objetivo es ofrecer siempre el mejor servicio a las empresas que depositan su confianza en nosotros. Como prueba fehaciente de ello, nos hemos esforzado en adecuar nuestros procedimientos hasta lograr acreditar una eficiente gesti\u00f3n de la calidad, as\u00ed como gesti\u00f3n del impacto medioambiental de nuestra actividad.<\/p>\n\n\n\n<p>En ambos casos se trata de normas con reconocimiento internacional, con cumplimiento acreditado por organismos de reconocido prestigio. Se trata de la norma UNE-EN-ISO 9001:2015, que certifica el Sistema de Gesti\u00f3n de la Calidad y la norma UNE-EN-ISO 14001:2015, Sistema de Gesti\u00f3n Ambiental.<\/p>\n\n\n\n<figure class=\"wp-block-gallery has-nested-images columns-default is-cropped wp-block-gallery-1 is-layout-flex wp-block-gallery-is-layout-flex\">\n<figure class=\"wp-block-image size-full\"><img loading=\"lazy\" decoding=\"async\" width=\"609\" height=\"862\" data-id=\"91\" src=\"http:\/\/www.empresatecnicacadiz.com\/wp-content\/uploads\/2025\/04\/9001.jpg\" alt=\"\" class=\"wp-image-91\" srcset=\"http:\/\/www.empresatecnicacadiz.com\/wp-content\/uploads\/2025\/04\/9001.jpg 609w, http:\/\/www.empresatecnicacadiz.com\/wp-content\/uploads\/2025\/04\/9001-212x300.jpg 212w\" sizes=\"auto, (max-width: 609px) 100vw, 609px\" \/><\/figure>\n\n\n\n<figure class=\"wp-block-image size-full\"><img loading=\"lazy\" decoding=\"async\" width=\"609\" height=\"862\" data-id=\"92\" src=\"http:\/\/www.empresatecnicacadiz.com\/wp-content\/uploads\/2025\/04\/14001.jpg\" alt=\"\" class=\"wp-image-92\" srcset=\"http:\/\/www.empresatecnicacadiz.com\/wp-content\/uploads\/2025\/04\/14001.jpg 609w, http:\/\/www.empresatecnicacadiz.com\/wp-content\/uploads\/2025\/04\/14001-212x300.jpg 212w\" sizes=\"auto, (max-width: 609px) 100vw, 609px\" \/><\/figure>\n<\/figure>\n\n\n<p><!--EndFragment--><\/p>\n<\/p>\n\n","protected":false},"excerpt":{"rendered":"<p>Nuestro objetivo es ofrecer siempre el mejor servicio a las empresas que depositan su confianza en nosotros. Como prueba fehaciente de ello, nos hemos esforzado en adecuar nuestros procedimientos hasta lograr acreditar una eficiente gesti\u00f3n de la calidad, as\u00ed como gesti\u00f3n del impacto medioambiental de nuestra actividad. En ambos casos se trata de normas con &hellip; <\/p>\n<p class=\"link-more\"><a href=\"http:\/\/www.empresatecnicacadiz.com\/index.php\/certificaciones\/\" class=\"more-link\">Seguir leyendo<span class=\"screen-reader-text\"> \u00abCertificaciones\u00bb<\/span><\/a><\/p>\n","protected":false},"author":1,"featured_media":0,"parent":0,"menu_order":0,"comment_status":"closed","ping_status":"closed","template":"","meta":{"_exactmetrics_skip_tracking":false,"_exactmetrics_sitenote_active":false,"_exactmetrics_sitenote_note":"","_exactmetrics_sitenote_category":0,"ngg_post_thumbnail":0,"footnotes":""},"class_list":["post-10","page","type-page","status-publish","hentry","entry"],"_links":{"self":[{"href":"http:\/\/www.empresatecnicacadiz.com\/index.php\/wp-json\/wp\/v2\/pages\/10","targetHints":{"allow":["GET"]}}],"collection":[{"href":"http:\/\/www.empresatecnicacadiz.com\/index.php\/wp-json\/wp\/v2\/pages"}],"about":[{"href":"http:\/\/www.empresatecnicacadiz.com\/index.php\/wp-json\/wp\/v2\/types\/page"}],"author":[{"embeddable":true,"href":"http:\/\/www.empresatecnicacadiz.com\/index.php\/wp-json\/wp\/v2\/users\/1"}],"replies":[{"embeddable":true,"href":"http:\/\/www.empresatecnicacadiz.com\/index.php\/wp-json\/wp\/v2\/comments?post=10"}],"version-history":[{"count":5,"href":"http:\/\/www.empresatecnicacadiz.com\/index.php\/wp-json\/wp\/v2\/pages\/10\/revisions"}],"predecessor-version":[{"id":93,"href":"http:\/\/www.empresatecnicacadiz.com\/index.php\/wp-json\/wp\/v2\/pages\/10\/revisions\/93"}],"wp:attachment":[{"href":"http:\/\/www.empresatecnicacadiz.com\/index.php\/wp-json\/wp\/v2\/media?parent=10"}],"curies":[{"name":"wp","href":"https:\/\/api.w.org\/{rel}","templated":true}]}}